{"id":411,"date":"2019-03-27T15:07:52","date_gmt":"2019-03-27T06:07:52","guid":{"rendered":"http:\/\/vn.tokyo-globe.com\/?page_id=411"},"modified":"2019-03-27T15:07:54","modified_gmt":"2019-03-27T06:07:54","slug":"principal","status":"publish","type":"page","link":"https:\/\/vn.tokyo-globe.com\/?page_id=411","title":{"rendered":"L\u1eddi c\u1ee7a ng\u01b0\u1eddi s\u00e1ng l\u1eadp\uff0f\u5b66\u9662\u9577"},"content":{"rendered":"\n<p> Tr\u01b0\u1eddng ch\u00fang t\u00f4i \u0111\u01b0\u1ee3c th\u00e0nh l\u1eadp v\u00e0o th\u00e1ng 4 n\u0103m 2017 v\u1edbi s\u1ee9 m\u1ec7nh h\u1ed7 tr\u1ee3 nh\u1eefng ng\u01b0\u1eddi tr\u1ebb y\u00eau th\u00edch ti\u1ebfng Nh\u1eadt ho\u00e0n th\u00e0nh gi\u1ea5c m\u01a1 c\u1ee7a m\u00ecnh. T\u1ea1i Nh\u1eadt, c\u00f3 r\u1ea5t nhi\u1ec1u tr\u01b0\u1eddng \u0111\u00e0o t\u1ea1o ngh\u1ec1 v\u00e0 ti\u1ebfng v\u1edbi m\u1ee5c ti\u00eau kh\u00e1c nhau, nh\u01b0ng \u0111\u1ed1i v\u1edbi tr\u01b0\u1eddng ch\u00fang t\u00f4i, m\u1ee5c ti\u00eau ch\u00ednh l\u00e0 m\u1edf ra c\u00e1nh c\u1eeda c\u01a1 h\u1ed9i cho ng\u01b0\u1eddi tr\u1ebb t\u1ea1i Trung Qu\u1ed1c v\u00e0 khu v\u1ef1c \u0110\u00f4ng Nam \u00c1. Tr\u01b0\u1eddng ch\u00fang t\u00f4i \u2013 Tokyo Globe \u2013 ch\u00ednh l\u00e0 n\u01a1i \u01b0\u01a1m m\u1ea7m \u01b0\u1edbc m\u01a1 v\u00e0 hi v\u1ecdng. Ch\u00fang t\u00f4i r\u1ea5t hoan ngh\u00eanh nh\u1eefng h\u1ecdc vi\u00ean ch\u0103m ch\u1ec9, c\u1ed1 g\u1eafng, c\u00f3 m\u1ee5c ti\u00eau v\u00e0 ho\u00e0i b\u00e3o l\u1edbn cho t\u01b0\u01a1ng lai c\u1ee7a m\u00ecnh v\u00e0 \u0111ang c\u1ed1 g\u1eafng m\u1ed7i\nng\u00e0y \u0111\u1ec3 \u0111\u1ea1t \u0111\u01b0\u1ee3c nh\u1eefng ho\u00e0i b\u00e3o \u0111\u00f3. <\/p>\n\n\n\n<p>Hi\u1ec7u tr\u01b0\u1edfng:\nNoyama Morihiro<\/p>\n","protected":false},"excerpt":{"rendered":"<p>Tr\u01b0\u1eddng ch\u00fang t\u00f4i \u0111\u01b0\u1ee3 &hellip; <\/p>\n","protected":false},"author":3,"featured_media":0,"parent":0,"menu_order":0,"comment_status":"closed","ping_status":"closed","template":"","meta":[],"_links":{"self":[{"href":"https:\/\/vn.tokyo-globe.com\/index.php?rest_route=\/wp\/v2\/pages\/411"}],"collection":[{"href":"https:\/\/vn.tokyo-globe.com\/index.php?rest_route=\/wp\/v2\/pages"}],"about":[{"href":"https:\/\/vn.tokyo-globe.com\/index.php?rest_route=\/wp\/v2\/types\/page"}],"author":[{"embeddable":true,"href":"https:\/\/vn.tokyo-globe.com\/index.php?rest_route=\/wp\/v2\/users\/3"}],"replies":[{"embeddable":true,"href":"https:\/\/vn.tokyo-globe.com\/index.php?rest_route=%2Fwp%2Fv2%2Fcomments&post=411"}],"version-history":[{"count":2,"href":"https:\/\/vn.tokyo-globe.com\/index.php?rest_route=\/wp\/v2\/pages\/411\/revisions"}],"predecessor-version":[{"id":446,"href":"https:\/\/vn.tokyo-globe.com\/index.php?rest_route=\/wp\/v2\/pages\/411\/revisions\/446"}],"wp:attachment":[{"href":"https:\/\/vn.tokyo-globe.com\/index.php?rest_route=%2Fwp%2Fv2%2Fmedia&parent=411"}],"curies":[{"name":"wp","href":"https:\/\/api.w.org\/{rel}","templated":true}]}}