{"id":413,"date":"2019-03-27T14:31:43","date_gmt":"2019-03-27T05:31:43","guid":{"rendered":"http:\/\/vn.tokyo-globe.com\/?page_id=413"},"modified":"2019-03-27T14:31:46","modified_gmt":"2019-03-27T05:31:46","slug":"our-school2","status":"publish","type":"page","link":"https:\/\/vn.tokyo-globe.com\/?page_id=413","title":{"rendered":"\u0110i\u1ec3m ri\u00eang v\u1ec1 tr\u01b0\u1eddng\uff0f\u7279\u8272"},"content":{"rendered":"\n<ol><li>C\u00f3 h\u01b0\u1edbng d\u1eabn c\u1ee5 th\u1ec3 v\u1ec1 kh\u00f3a h\u1ecdc <\/li><li>\u0110\u00e0o t\u1ea1o cho k\u00ec thi n\u0103ng l\u1ef1c ti\u1ebfng Nh\u1eadt\n(JLPT) <\/li><li>H\u1ec7 th\u1ed1ng h\u1ed7 tr\u1ee3 h\u1ecdc vi\u00ean t\u00f9y theo n\u0103ng l\u1ef1c\nti\u1ebfng Nh\u1eadt <\/li><li>Gi\u00e1o vi\u00ean nhi\u1ec7t t\u00ecnh v\u00e0 t\u1eadn t\u00e2m<\/li><li>T\u01b0 v\u1ea5n v\u1ec1 cu\u1ed9c s\u1ed1ng t\u1ea1i Nh\u1eadt<\/li><li>&nbsp;Nhi\u1ec1u\nch\u01b0\u01a1ng tr\u00ecnh giao l\u01b0u v\u0103n h\u00f3a trong qu\u00e1 tr\u00ecnh h\u1ecdc<\/li><li> Nhi\u1ec1u ho\u1ea1t \u0111\u1ed9ng ngo\u1ea1i kh\u00f3a \u0111\u1ec3 kh\u00e1m ph\u00e1 v\u0103n h\u00f3a, l\u1ecbch s\u1eed Nh\u1eadt B\u1ea3n <\/li><\/ol>\n\n\n\n<p><\/p>\n","protected":false},"excerpt":{"rendered":"<p>C\u00f3 h\u01b0\u1edbng d\u1eabn c\u1ee5 th\u1ec3  &hellip; <\/p>\n","protected":false},"author":3,"featured_media":0,"parent":0,"menu_order":0,"comment_status":"closed","ping_status":"closed","template":"","meta":[],"_links":{"self":[{"href":"https:\/\/vn.tokyo-globe.com\/index.php?rest_route=\/wp\/v2\/pages\/413"}],"collection":[{"href":"https:\/\/vn.tokyo-globe.com\/index.php?rest_route=\/wp\/v2\/pages"}],"about":[{"href":"https:\/\/vn.tokyo-globe.com\/index.php?rest_route=\/wp\/v2\/types\/page"}],"author":[{"embeddable":true,"href":"https:\/\/vn.tokyo-globe.com\/index.php?rest_route=\/wp\/v2\/users\/3"}],"replies":[{"embeddable":true,"href":"https:\/\/vn.tokyo-globe.com\/index.php?rest_route=%2Fwp%2Fv2%2Fcomments&post=413"}],"version-history":[{"count":2,"href":"https:\/\/vn.tokyo-globe.com\/index.php?rest_route=\/wp\/v2\/pages\/413\/revisions"}],"predecessor-version":[{"id":441,"href":"https:\/\/vn.tokyo-globe.com\/index.php?rest_route=\/wp\/v2\/pages\/413\/revisions\/441"}],"wp:attachment":[{"href":"https:\/\/vn.tokyo-globe.com\/index.php?rest_route=%2Fwp%2Fv2%2Fmedia&parent=413"}],"curies":[{"name":"wp","href":"https:\/\/api.w.org\/{rel}","templated":true}]}}