{"id":415,"date":"2019-03-27T14:30:32","date_gmt":"2019-03-27T05:30:32","guid":{"rendered":"http:\/\/vn.tokyo-globe.com\/?page_id=415"},"modified":"2019-03-27T14:30:34","modified_gmt":"2019-03-27T05:30:34","slug":"cac-khoa-hoc%ef%bc%8f%e3%82%b3%e3%83%bc%e3%82%b9","status":"publish","type":"page","link":"https:\/\/vn.tokyo-globe.com\/?page_id=415","title":{"rendered":"C\u00e1c Kh\u00f3a H\u1ecdc\uff0f\u30b3\u30fc\u30b9"},"content":{"rendered":"\n<h3> Ch\u01b0\u01a1ng tr\u00ecnh h\u1ecdc 2 n\u0103m \/ khai gi\u1ea3ng th\u00e1ng 4 &#8211; t\u1ed1t nghi\u1ec7p th\u00e1ng 3 \/ S\u1ed1 gi\u1edd h\u1ecdc: 1600 gi\u1edd \/ s\u1ec9 s\u1ed1 l\u1edbp: 20 h\u1ecdc vi\u00ean <\/h3>\n\n\n\n<p> \u0110\u00e2y l\u00e0 kh\u00f3a h\u1ecdc d\u00e0nh ri\u00eang cho nh\u1eefng ai c\u00f3 nguy\u1ec7n v\u1ecdng theo h\u1ecdc t\u1ea1i c\u00e1c tr\u01b0\u1eddng \u0111\u1ea1i h\u1ecdc hay \u0111\u00e0o t\u1ea1o ngh\u1ec1 t\u1ea1i Nh\u1eadt. Vi\u1ec7c th\u00f4ng th\u1ea1o b\u1ed1n k\u0129 n\u0103ng nghe, n\u00f3i, \u0111\u1ecdc, vi\u1ebft v\u00e0 \u0111\u1ea1t \u0111i\u1ec3m cao trong k\u00ec thi n\u0103ng l\u1ef1c ti\u1ebfng Nh\u1eadt (JLPT N1) l\u00e0 y\u00eau c\u1ea7u chung \u0111\u1ed1i v\u1edbi c\u00e1c tr\u01b0\u1eddng \u0111\u1ea1i h\u1ecdc, d\u1ea1y ngh\u1ec1. &nbsp;Ngay c\u1ea3 khi c\u00f3 v\u1ed1n ti\u1ebfng Nh\u1eadt h\u1ea1n h\u1eb9p, c\u00e1c b\u1ea1n v\u1eabn s\u1ebd c\u00f3 th\u1ec3 tham gia kh\u00f3a h\u1ecdc v\u00e0 th\u00f4ng th\u1ea1o Nh\u1eadt ng\u1eef sau khi t\u1ed1t nghi\u1ec7p. <\/p>\n\n\n\n<h3> Ch\u01b0\u01a1ng tr\u00ecnh h\u1ecdc 1.5 n\u0103m \/ khai gi\u1ea3ng&nbsp; th\u00e1ng 4 &#8211; t\u1ed1t nghi\u1ec7p th\u00e1ng 3 \/ S\u1ed1 gi\u1edd h\u1ecdc: 1200 gi\u1edd \/ s\u1ec9 s\u1ed1 l\u1edbp: 20 h\u1ecdc vi\u00ean <\/h3>\n\n\n\n<p>\u0110\u00e2y l\u00e0 kh\u00f3a h\u1ecdc d\u00e0nh ri\u00eang cho nh\u1eefng b\u1ea1n c\u00f3 tr\u00ecnh \u0111\u1ecd ti\u1ebfng Nh\u1eadt v\u00e0o m\u1ee9c JLPT N5, c\u00f3 nguy\u1ec7n v\u1ecdng theo h\u1ecdc t\u1ea1i c\u00e1c tr\u01b0\u1eddng \u0111\u1ea1i h\u1ecdc hay \u0111\u00e0o t\u1ea1o ngh\u1ec1 t\u1ea1i Nh\u1eadt. Vi\u1ec7c th\u00f4ng th\u1ea1o b\u1ed1n k\u0129 n\u0103ng nghe, n\u00f3i, \u0111\u1ecdc, vi\u1ebft v\u00e0 \u0111\u1ea1t \u0111i\u1ec3m cao trong k\u00ec thi n\u0103ng l\u1ef1c ti\u1ebfng Nh\u1eadt (JLPT N1) l\u00e0 y\u00eau c\u1ea7u chung \u0111\u1ed1i v\u1edbi c\u00e1c tr\u01b0\u1eddng \u0111\u1ea1i h\u1ecdc, d\u1ea1y ngh\u1ec1. Tr\u01b0\u1eddng s\u1ebd h\u1ed7 tr\u1ee3 c\u00e1c b\u1ea1n trong vi\u1ec7c t\u00ecm tr\u01b0\u1eddng \u0111\u1ea1i h\u1ecdc v\u00e0 \u0111\u00e0o t\u1ea1o ngh\u1ec1 \u0111\u1ec3 ti\u1ebfp t\u1ee5c theo h\u1ecdc sau khi t\u1ed1t nghi\u1ec7p. <\/p>\n\n\n\n<h3>Th\u1eddi gian h\u1ecdc <\/h3>\n\n\n\n<p>\n\n\n\n\n\n\n\n\n\n\n\n\n\n\n\n\nTr\u01b0\u1eddng c\u00f3 hai ca h\u1ecdc, s\u00e1ng v\u00e0 chi\u1ec1u, m\u1ed7i ca h\u1ecdc g\u1ed3m 4\nl\u1edbp, m\u1ed7i l\u1edbp k\u00e9o d\u00e0i 45 ph\u00fat. L\u1edbp k\u00e9o d\u00e0i t\u1eeb th\u1ee9 hai \u0111\u1ebfn th\u1ee9 s\u00e1u h\u00e0ng tu\u1ea7n\n\n\n\n<\/p>\n","protected":false},"excerpt":{"rendered":"<p>Ch\u01b0\u01a1ng tr\u00ecnh h\u1ecdc 2 n &hellip; <\/p>\n","protected":false},"author":3,"featured_media":0,"parent":0,"menu_order":0,"comment_status":"closed","ping_status":"closed","template":"","meta":[],"_links":{"self":[{"href":"https:\/\/vn.tokyo-globe.com\/index.php?rest_route=\/wp\/v2\/pages\/415"}],"collection":[{"href":"https:\/\/vn.tokyo-globe.com\/index.php?rest_route=\/wp\/v2\/pages"}],"about":[{"href":"https:\/\/vn.tokyo-globe.com\/index.php?rest_route=\/wp\/v2\/types\/page"}],"author":[{"embeddable":true,"href":"https:\/\/vn.tokyo-globe.com\/index.php?rest_route=\/wp\/v2\/users\/3"}],"replies":[{"embeddable":true,"href":"https:\/\/vn.tokyo-globe.com\/index.php?rest_route=%2Fwp%2Fv2%2Fcomments&post=415"}],"version-history":[{"count":2,"href":"https:\/\/vn.tokyo-globe.com\/index.php?rest_route=\/wp\/v2\/pages\/415\/revisions"}],"predecessor-version":[{"id":439,"href":"https:\/\/vn.tokyo-globe.com\/index.php?rest_route=\/wp\/v2\/pages\/415\/revisions\/439"}],"wp:attachment":[{"href":"https:\/\/vn.tokyo-globe.com\/index.php?rest_route=%2Fwp%2Fv2%2Fmedia&parent=415"}],"curies":[{"name":"wp","href":"https:\/\/api.w.org\/{rel}","templated":true}]}}