{"id":419,"date":"2019-03-27T15:11:46","date_gmt":"2019-03-27T06:11:46","guid":{"rendered":"http:\/\/vn.tokyo-globe.com\/?page_id=419"},"modified":"2019-03-27T15:11:49","modified_gmt":"2019-03-27T06:11:49","slug":"admission","status":"publish","type":"page","link":"https:\/\/vn.tokyo-globe.com\/?page_id=419","title":{"rendered":"Th\u00f4ng tin nh\u1eadp h\u1ecdc\uff0f\u5165\u5b66\u6848\u5185"},"content":{"rendered":"\n<h3> Th\u1ee7 t\u1ee5c n\u1ed9p \u0111\u01a1n <\/h3>\n\n\n\n<p>Th\u1ee7 t\u1ee5c n\u1ed9p \u0111\u01a1n t\u1ea1i tr\u01b0\u1eddng cho c\u00e1c b\u1ea1n quan\nt\u00e2m nh\u01b0 sau: <\/p>\n\n\n\n<ol><li>Th\u00ed sinh c\u1ea7n n\u1ed9p \u0111\u1ea7y \u0111\u1ee7 c\u00e1c gi\u1ea5y t\u1edd \u0111\u01b0\u1ee3c y\u00eau c\u1ea7u cho qu\u00e1 tr\u00ecnh nh\u1eadp h\u1ecdc cho nh\u00e0 tr\u01b0\u1eddng, k\u00e8m theo l\u1ec7 ph\u00ed 25,000 yen cho b\u00e0i ki\u1ec3m tra \u0111\u1ea7u v\u00e0o. <\/li><li>Ho\u00e0n th\u00e0nh th\u1ee7 t\u1ee5c xin COE t\u1eeb c\u1ee5c di d\u00e2n Nh\u1eadt B\u1ea3n.<\/li><li>N\u1ebfu th\u1ee7 t\u1ee5c \u0111\u01b0\u1ee3c ho\u00e0n t\u1ea5t \u0111\u00fang qui \u0111\u1ecbnh v\u00e0 ti\u1ebfn tr\u00ecnh x\u00e9t COE di\u1ec5n ra thu\u1eadn l\u1ee3i, c\u00e1c b\u1ea1n s\u1ebd nh\u1eadn \u0111\u01b0\u1ee3c COE tr\u01b0\u1edbc khi nh\u1eadp h\u1ecdc 2 th\u00e1ng. <\/li><li>Sau khi nh\u1eadn \u0111\u01b0\u1ee3c COE, c\u00e1c b\u1ea1n vui long ho\u00e0n t\u1ea5t vi\u1ec7c thanh to\u00e1n ph\u00ed nh\u1eadp h\u1ecdc c\u1ee7a tr\u01b0\u1eddng c\u0169ng nh\u01b0 nh\u1eefng kho\u1ea3n chi ph\u00ed kh\u00e1c. <\/li><li>N\u1ed9p \u0111\u01a1n xin th\u1ecb th\u1ef1c du h\u1ecdc t\u1ea1i l\u00e3nh s\u1ef1 qu\u00e1n hay \u0111\u1ea1i s\u1ee9 qu\u00e1n Vi\u1ec7t Nam. Thu x\u1ebfp \u0111\u1ebfn Nh\u1eadt B\u1ea3n \u00edt nh\u1ea5t 1 tu\u1ea7n tr\u01b0\u1edbc ng\u00e0y khai gi\u1ea3ng.<\/li><\/ol>\n\n\n\n<h3><strong>C\u00e1c th\u1ee9c tuy\u1ec3n ch\u1ecdn<\/strong><\/h3>\n\n\n\n<p> D\u1ef1a tr\u00ean k\u1ebft qu\u1ea3 ph\u1ecfng v\u1ea5n v\u1edbi th\u00ed sinh v\u00e0 ng\u01b0\u1eddi b\u1ea3o tr\u1ee3, c\u0169ng nh\u01b0 h\u1ed3 s\u01a1 \u0111\u01b0\u1ee3c g\u1eedi, n\u0103ng l\u1ef1c h\u1ecdc t\u1eadp, \u0111i\u1ec3m s\u1ed1 c\u00e1c b\u00e0i thi n\u0103ng l\u1ef1c ti\u1ebfng Nh\u1eadt. <\/p>\n","protected":false},"excerpt":{"rendered":"<p>Th\u1ee7 t\u1ee5c n\u1ed9p \u0111\u01a1n Th\u1ee7  &hellip; <\/p>\n","protected":false},"author":3,"featured_media":0,"parent":0,"menu_order":0,"comment_status":"closed","ping_status":"closed","template":"","meta":[],"_links":{"self":[{"href":"https:\/\/vn.tokyo-globe.com\/index.php?rest_route=\/wp\/v2\/pages\/419"}],"collection":[{"href":"https:\/\/vn.tokyo-globe.com\/index.php?rest_route=\/wp\/v2\/pages"}],"about":[{"href":"https:\/\/vn.tokyo-globe.com\/index.php?rest_route=\/wp\/v2\/types\/page"}],"author":[{"embeddable":true,"href":"https:\/\/vn.tokyo-globe.com\/index.php?rest_route=\/wp\/v2\/users\/3"}],"replies":[{"embeddable":true,"href":"https:\/\/vn.tokyo-globe.com\/index.php?rest_route=%2Fwp%2Fv2%2Fcomments&post=419"}],"version-history":[{"count":2,"href":"https:\/\/vn.tokyo-globe.com\/index.php?rest_route=\/wp\/v2\/pages\/419\/revisions"}],"predecessor-version":[{"id":448,"href":"https:\/\/vn.tokyo-globe.com\/index.php?rest_route=\/wp\/v2\/pages\/419\/revisions\/448"}],"wp:attachment":[{"href":"https:\/\/vn.tokyo-globe.com\/index.php?rest_route=%2Fwp%2Fv2%2Fmedia&parent=419"}],"curies":[{"name":"wp","href":"https:\/\/api.w.org\/{rel}","templated":true}]}}