{"id":421,"date":"2019-03-27T15:27:31","date_gmt":"2019-03-27T06:27:31","guid":{"rendered":"http:\/\/vn.tokyo-globe.com\/?page_id=421"},"modified":"2019-03-27T15:27:33","modified_gmt":"2019-03-27T06:27:33","slug":"yeu-cau-ve-nop-don%ef%bc%8fadmission","status":"publish","type":"page","link":"https:\/\/vn.tokyo-globe.com\/?page_id=421","title":{"rendered":"Y\u00eau c\u1ea7u v\u1ec1 n\u1ed9p \u0111\u01a1n\uff0f\u52df\u96c6\u8981\u9805"},"content":{"rendered":"\n<p>1.Nh\u1eefng th\u00ed sinh c\u00f3 y\u00eau th\u00edch v\u1edbi ti\u1ebfng Nh\u1eadt\n<\/p>\n\n\n\n<p>2. Ho\u00e0n th\u00e0nh t\u1ed1i thi\u1ec3u tr\u00ecnh \u0111\u1ed9 trung h\u1ecdc\nph\u1ed5 th\u00f4ng (l\u1edbp 12) t\u1ea1i Vi\u1ec7t Nam<\/p>\n\n\n\n<p>3. Tr\u00ecnh \u0111\u1ed9 ti\u1ebfng Nh\u1eadt t\u1ed1i thi\u1ec3u l\u00e0 JLPT\nN5. Nh\u1eefng th\u00ed sinh mu\u1ed1n theo h\u1ecdc ch\u01b0\u01a1ng tr\u00ecnh 1 n\u0103m r\u01b0\u1ee1i c\u1ea7n c\u00f3 tr\u00ecnh \u0111\u1ed9 ti\u1ebfng\nNh\u1eadt t\u1ed1i thi\u1ec3u l\u00e0 JLPT N4 \u0111\u1ec3 n\u1ed9p \u0111\u01a1n <\/p>\n\n\n\n<p>4. Nh\u1eefng th\u00ed sinh kh\u00f4ng c\u00f3 b\u1ea5t c\u1ee9 r\u1eafc r\u1ed1i\nph\u00e1p l\u00ed n\u00e0o trong vi\u1ec7c ho\u00e0n th\u00e0nh th\u1ee7 t\u1ee5c \u0111\u1ebfn Nh\u1eadt<\/p>\n\n\n\n<p>5. Nh\u1eefng b\u1ea1n c\u00f3 kh\u1ea3 n\u0103ng t\u00e0i ch\u00ednh \u0111\u1ec3 c\u00f3 th\u1ec3 \u0111\u1ea3m b\u1ea3o \u0111\u01b0\u1ee3c vi\u1ec7c theo h\u1ecdc t\u1ea1i Nh\u1eadt trong su\u1ed1t th\u1eddi gian kh\u00f3a h\u1ecdc di\u1ec5n ra <\/p>\n\n\n\n<h3>C\u00e1c \u0111\u1ee3t nh\u1eadp h\u1ecdc <\/h3>\n\n\n\n<p>1.\u0110\u1ee3t nh\u1eadp\nh\u1ecdc \u0111\u1ea7u ti\u00ean:<\/p>\n\n\n\n<p>Ch\u01b0\u01a1ng\ntr\u00ecnh h\u1ecdc 2 n\u0103m: 20 h\u1ecdc vi\u00ean \/ khai gi\u1ea3ng v\u00e0o th\u00e1ng 4<\/p>\n\n\n\n<p>Ch\u01b0\u01a1ng\ntr\u00ecnh h\u1ecdc 1.5 n\u0103m: 20 h\u1ecdc vi\u00ean \/ khai gi\u1ea3ng v\u00e0o th\u00e1ng 10<\/p>\n\n\n\n<p>2.\u0110\u1ee3t nh\u1eadp\nh\u1ecdc th\u1ee9 hai: <\/p>\n\n\n\n<p>Ch\u01b0\u01a1ng\ntr\u00ecnh h\u1ecdc 2 n\u0103m: 20 h\u1ecdc vi\u00ean \/ khai gi\u1ea3ng v\u00e0o th\u00e1ng 4<\/p>\n\n\n\n<p>Ch\u01b0\u01a1ng tr\u00ecnh h\u1ecdc 1.5 n\u0103m: 20 h\u1ecdc vi\u00ean \/ khai gi\u1ea3ng v\u00e0o th\u00e1ng 10<\/p>\n\n\n\n<h3> Th\u1eddi gian h\u1ecdc <\/h3>\n\n\n\n<p>1. Ca s\u00e1ng: t\u1eeb 9h \u0111\u1ebfn 12h30,Ca chi\u1ec1u: t\u1eeb 13h30 \u0111\u1ebfn 17h <\/p>\n\n\n\n<p>2.Ng\u00e0y ngh\u1ec9: Th\u1ee9 7, ch\u1ee7 nh\u1eadt, c\u00e1c d\u1ecbp l\u1ec5 h\u1ed9i c\u1ee7a Nh\u1eadt, ngh\u1ec9 t\u1ea5t ni\u00ean, k\u00ec ngh\u1ec9 h\u00e8, ngh\u1ec9 xu\u00e2n<\/p>\n\n\n\n<h3> \u0110\u1ed1i v\u1edbi th\u1ee7 t\u1ee5c nh\u1eadp h\u1ecdc <\/h3>\n\n\n\n<p>1.Ho\u00e0n th\u00e0nh \u0111\u01a1n xin nh\u1eadp h\u1ecdc v\u00e0 kh\u1ea3o s\u00e1t c\u1ee7a tr\u01b0\u1eddng v\u00e0 n\u1ed9p l\u1ea1i cho nh\u00e0 tr\u01b0\u1eddng. Th\u1eddi h\u1ea1n n\u1ed9p \u0111\u01a1n c\u1ee7a ch\u01b0\u01a1ng tr\u00ecnh h\u1ecdc 2 n\u0103m l\u00e0 th\u00e1ng 10 c\u1ee7a n\u0103m tr\u01b0\u1edbc. Th\u1eddi h\u1ea1n n\u1ed9p \u0111\u01a1n cho ch\u01b0\u01a1ng tr\u00ecnh h\u1ecdc 1 n\u0103m r\u01b0\u1ee1i l\u00e0 th\u00e1ng 4 c\u00f9ng n\u0103m <\/p>\n\n\n\n<p>2. Li\u00ean h\u1ec7 v\u1edbi ng\u01b0\u1eddi ph\u1ecfng v\u1ea5n v\u1ec1 k\u00ec thi ki\u1ec3m tra n\u0103ng l\u1ef1c <\/p>\n\n\n\n<h3> Ch\u00ednh s\u00e1ch ho\u00e0n ti\u1ec1n <\/h3>\n\n\n\n<p>1.L\u1ec7 ph\u00ed n\u1ed9p\n\u0111\u01a1n s\u1ebd kh\u00f4ng \u0111\u01b0\u1ee3c ho\u00e0n l\u1ea1i trong b\u1ea5t c\u1ee9 tr\u01b0\u1eddng h\u1ee3p n\u00e0o<\/p>\n\n\n\n<p>2. N\u1ebfu sau\nkhi \u0111\u01b0\u1ee3c nh\u1eadn \u0111\u01b0\u1ee3c quy\u1ebft \u0111\u1ecbnh nh\u1eadp h\u1ecdc c\u1ee7a tr\u01b0\u1eddng, th\u00ed sinh quy\u1ebft \u0111\u1ecbnh kh\u00f4ng\nxin COE v\u00e0 th\u1ecb th\u1ef1c hay b\u1ecb t\u1eeb ch\u1ed1i, nh\u00e0 tr\u01b0\u1eddng s\u1ebd ho\u00e0n tr\u1ea3 l\u1ea1i nh\u1eefng chi ph\u00ed\nth\u00ed sinh \u0111\u00e3 \u0111\u00f3ng (g\u1ed3m c\u1ea3 ti\u1ec1n h\u1ecdc ph\u00ed), sau khi \u0111\u00e3 tr\u1eeb ra l\u1ec7 ph\u00ed n\u1ed9p \u0111\u01a1n v\u00e0 duy\u1ec7t\n\u0111\u01a1n <\/p>\n\n\n\n<p>3. Sau khi\n\u0111\u00e3 \u0111\u1ebfn Nh\u1eadt v\u00e0 tham gia kh\u00f3a h\u1ecdc t\u1ea1i tr\u01b0\u1eddng, t\u1ea5t c\u1ea3 c\u00e1c tr\u01b0\u1eddng h\u1ee3p kh\u00f4ng ti\u1ebfp t\u1ee5c\ntheo h\u1ecdc v\u00ec b\u1ea5t c\u1ee9 l\u00ed do g\u00ec s\u1ebd kh\u00f4ng \u0111\u01b0\u1ee3c ho\u00e0n tr\u1ea3 l\u1ea1i h\u1ecdc ph\u00ed (cho n\u0103m h\u1ecdc \u0111\u1ea7u\nti\u00ean, \u0111\u01b0\u1ee3c thanh to\u00e1n tr\u01b0\u1edbc khi kh\u00f3a h\u1ecdc b\u1eaft \u0111\u1ea7u)<\/p>\n\n\n\n<p>4. Nh\u1eefng b\u1ea1n mu\u1ed1n d\u1ecdn ra kh\u1ecfi k\u00ed t\u00fac x\u00e1 s\u1ebd \u0111\u01b0\u1ee3c tr\u1ea3 l\u1ea1i ph\u1ea7n ti\u1ec1n nh\u00e0 t\u01b0\u01a1ng \u1ee9ng c\u1ee7a th\u00e1ng \u0111\u00f3 <\/p>\n\n\n\n<p>5. N\u1ebfu ho\u1ea1t \u0111\u1ed9ng c\u1ee7a nh\u00e0 tr\u01b0\u1eddng b\u1ecb d\u1eebng l\u1ea1i v\u00ec nh\u1eefng l\u00ed do b\u1ea5t kh\u1ea3 kh\u00e1ng (\u0111\u1ed9ng \u0111\u1ea5t, song th\u1ea7n, thi\u00ean tai\u2026), ti\u1ec1n h\u1ecdc ph\u00ed s\u1ebd kh\u00f4ng \u0111\u01b0\u1ee3c ho\u00e0n l\u1ea1i <\/p>\n\n\n\n<h3><\/h3>\n","protected":false},"excerpt":{"rendered":"<p>1.Nh\u1eefng th\u00ed sinh c\u00f3  &hellip; <\/p>\n","protected":false},"author":3,"featured_media":0,"parent":0,"menu_order":0,"comment_status":"closed","ping_status":"closed","template":"","meta":[],"_links":{"self":[{"href":"https:\/\/vn.tokyo-globe.com\/index.php?rest_route=\/wp\/v2\/pages\/421"}],"collection":[{"href":"https:\/\/vn.tokyo-globe.com\/index.php?rest_route=\/wp\/v2\/pages"}],"about":[{"href":"https:\/\/vn.tokyo-globe.com\/index.php?rest_route=\/wp\/v2\/types\/page"}],"author":[{"embeddable":true,"href":"https:\/\/vn.tokyo-globe.com\/index.php?rest_route=\/wp\/v2\/users\/3"}],"replies":[{"embeddable":true,"href":"https:\/\/vn.tokyo-globe.com\/index.php?rest_route=%2Fwp%2Fv2%2Fcomments&post=421"}],"version-history":[{"count":2,"href":"https:\/\/vn.tokyo-globe.com\/index.php?rest_route=\/wp\/v2\/pages\/421\/revisions"}],"predecessor-version":[{"id":451,"href":"https:\/\/vn.tokyo-globe.com\/index.php?rest_route=\/wp\/v2\/pages\/421\/revisions\/451"}],"wp:attachment":[{"href":"https:\/\/vn.tokyo-globe.com\/index.php?rest_route=%2Fwp%2Fv2%2Fmedia&parent=421"}],"curies":[{"name":"wp","href":"https:\/\/api.w.org\/{rel}","templated":true}]}}