{"id":423,"date":"2019-03-27T15:03:56","date_gmt":"2019-03-27T06:03:56","guid":{"rendered":"http:\/\/vn.tokyo-globe.com\/?page_id=423"},"modified":"2019-03-27T15:03:59","modified_gmt":"2019-03-27T06:03:59","slug":"hoc-phi%ef%bc%8f%e5%ad%a6%e8%b2%bb","status":"publish","type":"page","link":"https:\/\/vn.tokyo-globe.com\/?page_id=423","title":{"rendered":"H\u1ecdc ph\u00ed\uff0f\u5b66\u8cbb"},"content":{"rendered":"\n<p>Ch\u01b0\u01a1ng tr\u00ecnh 2 n\u0103m (1,465,000 y\u00ean)<\/p>\n\n\n\n<p>H\u1ecdc ph\u00ed n\u0103m nh\u1ea5t:<\/p>\n\n\n\n<p>L\u1ec7 ph\u00ed n\u1ed9p \u0111\u01a1n 25,000 y\u00ean, ph\u00ed nh\u1eadp h\u1ecdc\n70,000 y\u00ean, h\u1ecdc ph\u00ed 600,000 y\u00ean, ph\u00ed t\u00e0i li\u1ec7u v\u00e0 b\u1ea3o hi\u1ec3m 85,000 y\u00ean<\/p>\n\n\n\n<p>H\u1ecdc ph\u00ed n\u0103m hai: <\/p>\n\n\n\n<p>H\u1ecdc ph\u00ed\n600,000 y\u00ean, ph\u00ed t\u00e0i li\u1ec7u v\u00e0 b\u1ea3o hi\u1ec3m 85,000 y\u00ean<\/p>\n\n\n\n<p>Ch\u01b0\u01a1ng\ntr\u00ecnh 1 n\u0103m r\u01b0\u1ee1i (1, 122,500 y\u00ean)<\/p>\n\n\n\n<p>H\u1ecdc ph\u00ed n\u0103m nh\u1ea5t:<\/p>\n\n\n\n<p>L\u1ec7 ph\u00ed n\u1ed9p \u0111\u01a1n 25,000 y\u00ean, ph\u00ed nh\u1eadp h\u1ecdc\n70,000 y\u00ean, h\u1ecdc ph\u00ed 600,000 y\u00ean, ph\u00ed t\u00e0i li\u1ec7u v\u00e0 b\u1ea3o hi\u1ec3m 85,000 y\u00ean<\/p>\n\n\n\n<p>H\u1ecdc ph\u00ed n\u0103m hai: <\/p>\n\n\n\n<p>H\u1ecdc ph\u00ed\n300,000 y\u00ean, ph\u00ed t\u00e0i li\u1ec7u v\u00e0 b\u1ea3o hi\u1ec3m 42,500 y\u00ean<\/p>\n\n\n\n<p>Th\u00f4ng tin\nchuy\u1ec3n kho\u1ea3n<\/p>\n\n\n\n<p>T\u00ean ng\u00e2n h\u00e0ng<\/p>\n\n\n\n<p>\u0110\u1ecba ch\u1ec9 ng\u00e2n h\u00e0ng <\/p>\n\n\n\n<p>S\u1ed1 \u0111i\u1ec7n tho\u1ea1i ng\u00e2n h\u00e0ng<\/p>\n\n\n\n<p>M\u00e3 SWIFT<\/p>\n\n\n\n<p>S\u1ed1 t\u00e0i kho\u1ea3n<\/p>\n\n\n\n<p>T\u00ean ng\u01b0\u1eddi nh\u1eadn<\/p>\n\n\n\n<p>\u0110\u1ecba ch\u1ec9 ng\u01b0\u1eddi nh\u1eadn<\/p>\n\n\n\n<p>S\u1ed1 \u0111i\u1ec7n tho\u1ea1i ng\u01b0\u1eddi nh\u1eadn <\/p>\n","protected":false},"excerpt":{"rendered":"<p>Ch\u01b0\u01a1ng tr\u00ecnh 2 n\u0103m ( &hellip; <\/p>\n","protected":false},"author":3,"featured_media":0,"parent":0,"menu_order":0,"comment_status":"closed","ping_status":"closed","template":"","meta":[],"_links":{"self":[{"href":"https:\/\/vn.tokyo-globe.com\/index.php?rest_route=\/wp\/v2\/pages\/423"}],"collection":[{"href":"https:\/\/vn.tokyo-globe.com\/index.php?rest_route=\/wp\/v2\/pages"}],"about":[{"href":"https:\/\/vn.tokyo-globe.com\/index.php?rest_route=\/wp\/v2\/types\/page"}],"author":[{"embeddable":true,"href":"https:\/\/vn.tokyo-globe.com\/index.php?rest_route=\/wp\/v2\/users\/3"}],"replies":[{"embeddable":true,"href":"https:\/\/vn.tokyo-globe.com\/index.php?rest_route=%2Fwp%2Fv2%2Fcomments&post=423"}],"version-history":[{"count":2,"href":"https:\/\/vn.tokyo-globe.com\/index.php?rest_route=\/wp\/v2\/pages\/423\/revisions"}],"predecessor-version":[{"id":444,"href":"https:\/\/vn.tokyo-globe.com\/index.php?rest_route=\/wp\/v2\/pages\/423\/revisions\/444"}],"wp:attachment":[{"href":"https:\/\/vn.tokyo-globe.com\/index.php?rest_route=%2Fwp%2Fv2%2Fmedia&parent=423"}],"curies":[{"name":"wp","href":"https:\/\/api.w.org\/{rel}","templated":true}]}}